{"id":18276,"date":"2016-06-07T07:16:09","date_gmt":"2016-06-07T05:16:09","guid":{"rendered":"https:\/\/hisle.fr\/references\/"},"modified":"2025-12-04T16:28:04","modified_gmt":"2025-12-04T15:28:04","slug":"references","status":"publish","type":"page","link":"https:\/\/hisle.fr\/en\/references\/","title":{"rendered":"References"},"content":{"rendered":"<p><strong>They trust H.ISLE:<\/strong><\/p>\n<p><strong>Groupe Barri\u00e8re &#8211; Jean-Philippe Nuel &#8211; Mobilier National &#8211; Emporio Armani Caff\u00e9 Paris, Milan, Dubai &#8211; Silvera &#8211; Four Seasons Geneva &#8211; Waldorf Astoria Beverly Hills &#8211; Relais &amp; Ch\u00e2teaux &#8211; Caviar House &amp; Prunier &#8211; Dior &#8211; Dorchester Collection &#8211; Studio Marianne Guely &#8211; Tournaire D\u00e9cor &#8211; La Mamounia Marrakech &#8211; Cristallerie Saint-Louis &#8211; Vavro &#8211; Sofitel &#8211; La Reine Margot Accor H\u00f4tel &#8211; La Maison Charles &#8211; Le K2 Palace &#8211; Fondation Vasarely &#8211; Grupo Cappuccino &#8211; B Signature &#8211; Radisson Blu &#8211; F\u00eate des Lumi\u00e8res Lyon &#8211; H\u00f4tel Le Negresco &#8211; Maya Collection Monaco &#8211; L2A Agencements &#8211; Rutz Zollhaus &#8211; Selman Palace Marrakech &#8211; Royal Savoy H\u00f4tel &amp; Spa Lausanne &#8211; Bernardaud &#8211; Edgar Jayet &#8211; Grace Hotels &#8211; Fondation Louis Vuitton &#8211; Nolinski Venezia &#8211; Le Grand H\u00f4tel des Thermes Saint-Malo &#8211; Byblos Saint Tropez &#8211; Cr\u00e9dit Agricole &#8211; Golfe du Morbihan Vannes Agglom\u00e9ration &#8211; H\u00f4tel Martinez Cannes &#8211; Lalique &#8211; Royal Caribbean Cruises &#8211; La Mado Aix-en-Provence &#8211; Restaurant Le Jules Verne, Tour Eiffel Paris &#8211; Marble Restaurant Afrique du Sud &#8211; Le Mandarin Oriental C\u00f4me &#8211; H\u00f4tel Le Bristol Gen\u00e8ve &#8211; H\u00f4tel des Horlogers Le Brassus Suisse &#8211; H\u00f4tel Brittany &amp; Spa Roscoff &#8211; Restaurants Salama Cannes et Saint-Tropez &#8211; H\u00f4tel Manapany Saint-Barth\u00e9l\u00e9my &#8211; Grand H\u00f4tel La Cloche Dijon &#8211; H\u00f4tel Royal Evian &#8211;\u00a0 Hogs Head Golf Club Irlande &#8211; Altis Hotel Lisbonne &#8211; Liaigre &#8211; The Margi Hotel Ath\u00e8nes &#8211; Le Ritz Paris &#8211; Restaurant Onor Paris &#8211; No\u00e9 Duchaufour-Lawrance &#8211; Ville de Genas &#8211; Dar Al Mauge Boutique Hotel Bethl\u00e9em &#8211; Perial D\u00e9veloppement Lyon &#8211; Studio Briand &amp; Berthereau &#8211; Romeo Alberghi &#8211; Gaia Restaurant, Pierre Gagnaire Paris &#8211; Agence la Mode en Images Paris &#8211; Almayer Art &amp; Heritage Hotel Croatie &#8211; Bacchanalia Atlanta &#8211; Betony Restaurant NYC &#8211; Nougatine NYC &#8211; Club Med Opio en Provence &#8211; Eden Roc Resort Hotel Rhodes &#8211; Restaurants Fouquet&#8217;s Paris, Saint-Barth\u00e9l\u00e9my, NYC, Abu Dhabi &#8211; H\u00f4tel du Cap-Eden-Roc Antibes &#8211; Cap d&#8217;Antibes Beach Hotel &#8211; H\u00f4tel Les Roches Blanches Cassis &#8211; Gran Hotel Princesa Sofia Barcelona &#8211; Villa Cora Florence &#8211; Hotel &amp; Spa Le Couvent des Minimes, Mane-enProvence &#8211; Hotel Caf\u00e9 Royal London &#8211; Hotel Crans Ambassador Suisse &#8211; Hotel Montage Los Cabos Mexique &#8211; Institut Lyfe Application &#8211; La Maison Lameloise, Chagny-en-Bourgogne &#8211; Le Domaine de Manville, Les Baux-de-Provence &#8211; H\u00f4tel Domaine de Locgu\u00e9nol\u00e9, Kervignac &#8211; Little Green Bay Hotel, Croatie &#8211; Maison Sarah Lavoine, Paris &#8211; Restaurant Champeaux Alain Ducasse, Paris &#8211; Restaurant Dan.B, Ventabren &#8211; Restaurant Le Lao Tseu, Paris &#8211; Restaurant Peron, Marseille &#8211; Restaurant Le Pr\u00e9 aux Clercs, Dijon &#8211; Restaurant Le Fiston, Lyon &#8211; Restaurant Le Tube, Cannes &#8211; Restaurant O Watt,\u00a0 Lisbon &#8211; Restaurant Shirvan, Paris &#8211; The Knickerbocker Hotel NYC &#8211; The Yardhouse Restaurant Miami &#8211; Tiamo Resort, Bahamas &#8211; White Marmot Restaurant St. Moritz &#8230;<\/strong><\/p>\n","protected":false},"excerpt":{"rendered":"<p>They trust H.ISLE: Groupe Barri\u00e8re &#8211; Jean-Philippe Nuel &#8211; Mobilier National &#8211; Emporio Armani Caff\u00e9 Paris, Milan, Dubai &#8211; Silvera &#8211; Four Seasons Geneva &#8211; Waldorf Astoria Beverly Hills &#8211; Relais &amp; Ch\u00e2teaux &#8211; Caviar House &amp; Prunier &#8211; Dior &#8211; Dorchester Collection &#8211; Studio Marianne Guely &#8211; Tournaire D\u00e9cor &#8211; La Mamounia Marrakech &#8211; [&hellip;]<\/p>\n","protected":false},"author":1,"featured_media":19541,"parent":0,"menu_order":0,"comment_status":"closed","ping_status":"closed","template":"templates\/references.php","meta":{"_acf_changed":false,"footnotes":""},"class_list":["post-18276","page","type-page","status-publish","has-post-thumbnail","hentry"],"acf":[],"yoast_head":"<!-- This site is optimized with the Yoast SEO plugin v27.3 - https:\/\/yoast.com\/product\/yoast-seo-wordpress\/ -->\n<title>Project references: they trust HISLE<\/title>\n<meta name=\"description\" content=\"Project references: they trust HISLE - Groupe Barri\u00e8re, Relais &amp; Chateaux, hotels 5* et palaces, interior designers...\" \/>\n<meta name=\"robots\" content=\"index, follow, max-snippet:-1, max-image-preview:large, max-video-preview:-1\" \/>\n<link rel=\"canonical\" href=\"https:\/\/hisle.fr\/en\/references\/\" \/>\n<meta property=\"og:locale\" content=\"en_US\" \/>\n<meta property=\"og:type\" content=\"article\" \/>\n<meta property=\"og:title\" content=\"Project references: they trust HISLE\" \/>\n<meta property=\"og:description\" content=\"Project references: they trust HISLE - Groupe Barri\u00e8re, Relais &amp; Chateaux, hotels 5* et palaces, interior designers...\" \/>\n<meta property=\"og:url\" content=\"https:\/\/hisle.fr\/en\/references\/\" \/>\n<meta property=\"og:site_name\" content=\"HISLE\" \/>\n<meta property=\"article:publisher\" content=\"https:\/\/www.facebook.com\/HISLElighting\" \/>\n<meta property=\"article:modified_time\" content=\"2025-12-04T15:28:04+00:00\" \/>\n<meta property=\"og:image\" content=\"https:\/\/hisle.fr\/data\/uploads\/2024\/11\/perial-1.jpg\" \/>\n\t<meta property=\"og:image:width\" content=\"800\" \/>\n\t<meta property=\"og:image:height\" content=\"800\" \/>\n\t<meta property=\"og:image:type\" content=\"image\/jpeg\" \/>\n<meta name=\"twitter:card\" content=\"summary_large_image\" \/>\n<meta name=\"twitter:label1\" content=\"Est. reading time\" \/>\n\t<meta name=\"twitter:data1\" content=\"3 minutes\" \/>\n<script type=\"application\/ld+json\" class=\"yoast-schema-graph\">{\"@context\":\"https:\\\/\\\/schema.org\",\"@graph\":[{\"@type\":\"WebPage\",\"@id\":\"https:\\\/\\\/hisle.fr\\\/en\\\/references\\\/\",\"url\":\"https:\\\/\\\/hisle.fr\\\/en\\\/references\\\/\",\"name\":\"Project references: they trust HISLE\",\"isPartOf\":{\"@id\":\"https:\\\/\\\/hisle.fr\\\/en\\\/#website\"},\"primaryImageOfPage\":{\"@id\":\"https:\\\/\\\/hisle.fr\\\/en\\\/references\\\/#primaryimage\"},\"image\":{\"@id\":\"https:\\\/\\\/hisle.fr\\\/en\\\/references\\\/#primaryimage\"},\"thumbnailUrl\":\"https:\\\/\\\/hisle.fr\\\/data\\\/uploads\\\/2024\\\/11\\\/perial-1.jpg\",\"datePublished\":\"2016-06-07T05:16:09+00:00\",\"dateModified\":\"2025-12-04T15:28:04+00:00\",\"description\":\"Project references: they trust HISLE - Groupe Barri\u00e8re, Relais & Chateaux, hotels 5* et palaces, interior designers...\",\"breadcrumb\":{\"@id\":\"https:\\\/\\\/hisle.fr\\\/en\\\/references\\\/#breadcrumb\"},\"inLanguage\":\"en-US\",\"potentialAction\":[{\"@type\":\"ReadAction\",\"target\":[\"https:\\\/\\\/hisle.fr\\\/en\\\/references\\\/\"]}]},{\"@type\":\"ImageObject\",\"inLanguage\":\"en-US\",\"@id\":\"https:\\\/\\\/hisle.fr\\\/en\\\/references\\\/#primaryimage\",\"url\":\"https:\\\/\\\/hisle.fr\\\/data\\\/uploads\\\/2024\\\/11\\\/perial-1.jpg\",\"contentUrl\":\"https:\\\/\\\/hisle.fr\\\/data\\\/uploads\\\/2024\\\/11\\\/perial-1.jpg\",\"width\":800,\"height\":800,\"caption\":\"Lustre Perial 1\"},{\"@type\":\"BreadcrumbList\",\"@id\":\"https:\\\/\\\/hisle.fr\\\/en\\\/references\\\/#breadcrumb\",\"itemListElement\":[{\"@type\":\"ListItem\",\"position\":1,\"name\":\"Home\",\"item\":\"https:\\\/\\\/hisle.fr\\\/en\\\/\"},{\"@type\":\"ListItem\",\"position\":2,\"name\":\"References\"}]},{\"@type\":\"WebSite\",\"@id\":\"https:\\\/\\\/hisle.fr\\\/en\\\/#website\",\"url\":\"https:\\\/\\\/hisle.fr\\\/en\\\/\",\"name\":\"HISLE\",\"description\":\"HISLE\",\"publisher\":{\"@id\":\"https:\\\/\\\/hisle.fr\\\/en\\\/#organization\"},\"potentialAction\":[{\"@type\":\"SearchAction\",\"target\":{\"@type\":\"EntryPoint\",\"urlTemplate\":\"https:\\\/\\\/hisle.fr\\\/en\\\/?s={search_term_string}\"},\"query-input\":{\"@type\":\"PropertyValueSpecification\",\"valueRequired\":true,\"valueName\":\"search_term_string\"}}],\"inLanguage\":\"en-US\"},{\"@type\":\"Organization\",\"@id\":\"https:\\\/\\\/hisle.fr\\\/en\\\/#organization\",\"name\":\"HISLE\",\"url\":\"https:\\\/\\\/hisle.fr\\\/en\\\/\",\"logo\":{\"@type\":\"ImageObject\",\"inLanguage\":\"en-US\",\"@id\":\"https:\\\/\\\/hisle.fr\\\/en\\\/#\\\/schema\\\/logo\\\/image\\\/\",\"url\":\"https:\\\/\\\/hisle.fr\\\/data\\\/uploads\\\/2020\\\/04\\\/hisle-logo-brochure.jpg\",\"contentUrl\":\"https:\\\/\\\/hisle.fr\\\/data\\\/uploads\\\/2020\\\/04\\\/hisle-logo-brochure.jpg\",\"width\":1218,\"height\":304,\"caption\":\"HISLE\"},\"image\":{\"@id\":\"https:\\\/\\\/hisle.fr\\\/en\\\/#\\\/schema\\\/logo\\\/image\\\/\"},\"sameAs\":[\"https:\\\/\\\/www.facebook.com\\\/HISLElighting\",\"https:\\\/\\\/www.instagram.com\\\/hisle_lighting\\\/\"]}]}<\/script>\n<!-- \/ Yoast SEO plugin. -->","yoast_head_json":{"title":"Project references: they trust HISLE","description":"Project references: they trust HISLE - Groupe Barri\u00e8re, Relais & Chateaux, hotels 5* et palaces, interior designers...","robots":{"index":"index","follow":"follow","max-snippet":"max-snippet:-1","max-image-preview":"max-image-preview:large","max-video-preview":"max-video-preview:-1"},"canonical":"https:\/\/hisle.fr\/en\/references\/","og_locale":"en_US","og_type":"article","og_title":"Project references: they trust HISLE","og_description":"Project references: they trust HISLE - Groupe Barri\u00e8re, Relais & Chateaux, hotels 5* et palaces, interior designers...","og_url":"https:\/\/hisle.fr\/en\/references\/","og_site_name":"HISLE","article_publisher":"https:\/\/www.facebook.com\/HISLElighting","article_modified_time":"2025-12-04T15:28:04+00:00","og_image":[{"width":800,"height":800,"url":"https:\/\/hisle.fr\/data\/uploads\/2024\/11\/perial-1.jpg","type":"image\/jpeg"}],"twitter_card":"summary_large_image","twitter_misc":{"Est. reading time":"3 minutes"},"schema":{"@context":"https:\/\/schema.org","@graph":[{"@type":"WebPage","@id":"https:\/\/hisle.fr\/en\/references\/","url":"https:\/\/hisle.fr\/en\/references\/","name":"Project references: they trust HISLE","isPartOf":{"@id":"https:\/\/hisle.fr\/en\/#website"},"primaryImageOfPage":{"@id":"https:\/\/hisle.fr\/en\/references\/#primaryimage"},"image":{"@id":"https:\/\/hisle.fr\/en\/references\/#primaryimage"},"thumbnailUrl":"https:\/\/hisle.fr\/data\/uploads\/2024\/11\/perial-1.jpg","datePublished":"2016-06-07T05:16:09+00:00","dateModified":"2025-12-04T15:28:04+00:00","description":"Project references: they trust HISLE - Groupe Barri\u00e8re, Relais & Chateaux, hotels 5* et palaces, interior designers...","breadcrumb":{"@id":"https:\/\/hisle.fr\/en\/references\/#breadcrumb"},"inLanguage":"en-US","potentialAction":[{"@type":"ReadAction","target":["https:\/\/hisle.fr\/en\/references\/"]}]},{"@type":"ImageObject","inLanguage":"en-US","@id":"https:\/\/hisle.fr\/en\/references\/#primaryimage","url":"https:\/\/hisle.fr\/data\/uploads\/2024\/11\/perial-1.jpg","contentUrl":"https:\/\/hisle.fr\/data\/uploads\/2024\/11\/perial-1.jpg","width":800,"height":800,"caption":"Lustre Perial 1"},{"@type":"BreadcrumbList","@id":"https:\/\/hisle.fr\/en\/references\/#breadcrumb","itemListElement":[{"@type":"ListItem","position":1,"name":"Home","item":"https:\/\/hisle.fr\/en\/"},{"@type":"ListItem","position":2,"name":"References"}]},{"@type":"WebSite","@id":"https:\/\/hisle.fr\/en\/#website","url":"https:\/\/hisle.fr\/en\/","name":"HISLE","description":"HISLE","publisher":{"@id":"https:\/\/hisle.fr\/en\/#organization"},"potentialAction":[{"@type":"SearchAction","target":{"@type":"EntryPoint","urlTemplate":"https:\/\/hisle.fr\/en\/?s={search_term_string}"},"query-input":{"@type":"PropertyValueSpecification","valueRequired":true,"valueName":"search_term_string"}}],"inLanguage":"en-US"},{"@type":"Organization","@id":"https:\/\/hisle.fr\/en\/#organization","name":"HISLE","url":"https:\/\/hisle.fr\/en\/","logo":{"@type":"ImageObject","inLanguage":"en-US","@id":"https:\/\/hisle.fr\/en\/#\/schema\/logo\/image\/","url":"https:\/\/hisle.fr\/data\/uploads\/2020\/04\/hisle-logo-brochure.jpg","contentUrl":"https:\/\/hisle.fr\/data\/uploads\/2020\/04\/hisle-logo-brochure.jpg","width":1218,"height":304,"caption":"HISLE"},"image":{"@id":"https:\/\/hisle.fr\/en\/#\/schema\/logo\/image\/"},"sameAs":["https:\/\/www.facebook.com\/HISLElighting","https:\/\/www.instagram.com\/hisle_lighting\/"]}]}},"_links":{"self":[{"href":"https:\/\/hisle.fr\/en\/wp-json\/wp\/v2\/pages\/18276","targetHints":{"allow":["GET"]}}],"collection":[{"href":"https:\/\/hisle.fr\/en\/wp-json\/wp\/v2\/pages"}],"about":[{"href":"https:\/\/hisle.fr\/en\/wp-json\/wp\/v2\/types\/page"}],"author":[{"embeddable":true,"href":"https:\/\/hisle.fr\/en\/wp-json\/wp\/v2\/users\/1"}],"replies":[{"embeddable":true,"href":"https:\/\/hisle.fr\/en\/wp-json\/wp\/v2\/comments?post=18276"}],"version-history":[{"count":21,"href":"https:\/\/hisle.fr\/en\/wp-json\/wp\/v2\/pages\/18276\/revisions"}],"predecessor-version":[{"id":21018,"href":"https:\/\/hisle.fr\/en\/wp-json\/wp\/v2\/pages\/18276\/revisions\/21018"}],"wp:featuredmedia":[{"embeddable":true,"href":"https:\/\/hisle.fr\/en\/wp-json\/wp\/v2\/media\/19541"}],"wp:attachment":[{"href":"https:\/\/hisle.fr\/en\/wp-json\/wp\/v2\/media?parent=18276"}],"curies":[{"name":"wp","href":"https:\/\/api.w.org\/{rel}","templated":true}]}}