{"id":20318,"date":"2025-10-14T16:41:45","date_gmt":"2025-10-14T14:41:45","guid":{"rendered":"https:\/\/hisle.fr\/editions-limitees-lampes-design-2\/"},"modified":"2025-11-25T15:34:19","modified_gmt":"2025-11-25T14:34:19","slug":"limited-editions","status":"publish","type":"page","link":"https:\/\/hisle.fr\/en\/limited-editions\/","title":{"rendered":"Limited Editions"},"content":{"rendered":"","protected":false},"excerpt":{"rendered":"","protected":false},"author":7,"featured_media":20256,"parent":0,"menu_order":0,"comment_status":"closed","ping_status":"closed","template":"templates\/block.php","meta":{"_acf_changed":false,"footnotes":""},"class_list":["post-20318","page","type-page","status-publish","has-post-thumbnail","hentry"],"acf":[],"yoast_head":"<!-- This site is optimized with the Yoast SEO plugin v27.3 - https:\/\/yoast.com\/product\/yoast-seo-wordpress\/ -->\n<title>Limited Editions : Design Lamps and Light Sculptures<\/title>\n<meta name=\"description\" content=\"Limited edition lamps and luminous sculptures by HISLE, made in France from the finest materials and upcycled industrial parts.\" \/>\n<meta name=\"robots\" content=\"index, follow, max-snippet:-1, max-image-preview:large, max-video-preview:-1\" \/>\n<link rel=\"canonical\" href=\"https:\/\/hisle.fr\/en\/limited-editions\/\" \/>\n<meta property=\"og:locale\" content=\"en_US\" \/>\n<meta property=\"og:type\" content=\"article\" \/>\n<meta property=\"og:title\" content=\"\u00c9ditions Limit\u00e9es : Lampes Design et Sculptures Lumineuses\" \/>\n<meta property=\"og:description\" content=\"Lampes en \u00e9dition limit\u00e9e sign\u00e9es HISLE, cr\u00e9ations fabriqu\u00e9es en France \u00e0 partir de mat\u00e9riaux nobles et pi\u00e8ces industrielles recycl\u00e9es.\" \/>\n<meta property=\"og:url\" content=\"https:\/\/hisle.fr\/en\/limited-editions\/\" \/>\n<meta property=\"og:site_name\" content=\"HISLE\" \/>\n<meta property=\"article:publisher\" content=\"https:\/\/www.facebook.com\/HISLElighting\" \/>\n<meta property=\"article:modified_time\" content=\"2025-11-25T14:34:19+00:00\" \/>\n<meta property=\"og:image\" content=\"https:\/\/hisle.fr\/data\/uploads\/2025\/10\/editions-limitees-cymbale-c-darbord2.jpg\" \/>\n\t<meta property=\"og:image:width\" content=\"1000\" \/>\n\t<meta property=\"og:image:height\" content=\"800\" \/>\n\t<meta property=\"og:image:type\" content=\"image\/jpeg\" \/>\n<meta name=\"twitter:card\" content=\"summary_large_image\" \/>\n<meta name=\"twitter:label1\" content=\"Est. reading time\" \/>\n\t<meta name=\"twitter:data1\" content=\"1 minute\" \/>\n<script type=\"application\/ld+json\" class=\"yoast-schema-graph\">{\"@context\":\"https:\\\/\\\/schema.org\",\"@graph\":[{\"@type\":\"WebPage\",\"@id\":\"https:\\\/\\\/hisle.fr\\\/en\\\/limited-editions\\\/\",\"url\":\"https:\\\/\\\/hisle.fr\\\/en\\\/limited-editions\\\/\",\"name\":\"Limited Editions : Design Lamps and Light Sculptures\",\"isPartOf\":{\"@id\":\"https:\\\/\\\/hisle.fr\\\/en\\\/#website\"},\"primaryImageOfPage\":{\"@id\":\"https:\\\/\\\/hisle.fr\\\/en\\\/limited-editions\\\/#primaryimage\"},\"image\":{\"@id\":\"https:\\\/\\\/hisle.fr\\\/en\\\/limited-editions\\\/#primaryimage\"},\"thumbnailUrl\":\"https:\\\/\\\/hisle.fr\\\/data\\\/uploads\\\/2025\\\/10\\\/editions-limitees-cymbale-c-darbord2.jpg\",\"datePublished\":\"2025-10-14T14:41:45+00:00\",\"dateModified\":\"2025-11-25T14:34:19+00:00\",\"description\":\"Limited edition lamps and luminous sculptures by HISLE, made in France from the finest materials and upcycled industrial parts.\",\"breadcrumb\":{\"@id\":\"https:\\\/\\\/hisle.fr\\\/en\\\/limited-editions\\\/#breadcrumb\"},\"inLanguage\":\"en-US\",\"potentialAction\":[{\"@type\":\"ReadAction\",\"target\":[\"https:\\\/\\\/hisle.fr\\\/en\\\/limited-editions\\\/\"]}]},{\"@type\":\"ImageObject\",\"inLanguage\":\"en-US\",\"@id\":\"https:\\\/\\\/hisle.fr\\\/en\\\/limited-editions\\\/#primaryimage\",\"url\":\"https:\\\/\\\/hisle.fr\\\/data\\\/uploads\\\/2025\\\/10\\\/editions-limitees-cymbale-c-darbord2.jpg\",\"contentUrl\":\"https:\\\/\\\/hisle.fr\\\/data\\\/uploads\\\/2025\\\/10\\\/editions-limitees-cymbale-c-darbord2.jpg\",\"width\":1000,\"height\":800},{\"@type\":\"BreadcrumbList\",\"@id\":\"https:\\\/\\\/hisle.fr\\\/en\\\/limited-editions\\\/#breadcrumb\",\"itemListElement\":[{\"@type\":\"ListItem\",\"position\":1,\"name\":\"Home\",\"item\":\"https:\\\/\\\/hisle.fr\\\/en\\\/\"},{\"@type\":\"ListItem\",\"position\":2,\"name\":\"Limited Editions\"}]},{\"@type\":\"WebSite\",\"@id\":\"https:\\\/\\\/hisle.fr\\\/en\\\/#website\",\"url\":\"https:\\\/\\\/hisle.fr\\\/en\\\/\",\"name\":\"HISLE\",\"description\":\"HISLE\",\"publisher\":{\"@id\":\"https:\\\/\\\/hisle.fr\\\/en\\\/#organization\"},\"potentialAction\":[{\"@type\":\"SearchAction\",\"target\":{\"@type\":\"EntryPoint\",\"urlTemplate\":\"https:\\\/\\\/hisle.fr\\\/en\\\/?s={search_term_string}\"},\"query-input\":{\"@type\":\"PropertyValueSpecification\",\"valueRequired\":true,\"valueName\":\"search_term_string\"}}],\"inLanguage\":\"en-US\"},{\"@type\":\"Organization\",\"@id\":\"https:\\\/\\\/hisle.fr\\\/en\\\/#organization\",\"name\":\"HISLE\",\"url\":\"https:\\\/\\\/hisle.fr\\\/en\\\/\",\"logo\":{\"@type\":\"ImageObject\",\"inLanguage\":\"en-US\",\"@id\":\"https:\\\/\\\/hisle.fr\\\/en\\\/#\\\/schema\\\/logo\\\/image\\\/\",\"url\":\"https:\\\/\\\/hisle.fr\\\/data\\\/uploads\\\/2020\\\/04\\\/hisle-logo-brochure.jpg\",\"contentUrl\":\"https:\\\/\\\/hisle.fr\\\/data\\\/uploads\\\/2020\\\/04\\\/hisle-logo-brochure.jpg\",\"width\":1218,\"height\":304,\"caption\":\"HISLE\"},\"image\":{\"@id\":\"https:\\\/\\\/hisle.fr\\\/en\\\/#\\\/schema\\\/logo\\\/image\\\/\"},\"sameAs\":[\"https:\\\/\\\/www.facebook.com\\\/HISLElighting\",\"https:\\\/\\\/www.instagram.com\\\/hisle_lighting\\\/\"]}]}<\/script>\n<!-- \/ Yoast SEO plugin. -->","yoast_head_json":{"title":"Limited Editions : Design Lamps and Light Sculptures","description":"Limited edition lamps and luminous sculptures by HISLE, made in France from the finest materials and upcycled industrial parts.","robots":{"index":"index","follow":"follow","max-snippet":"max-snippet:-1","max-image-preview":"max-image-preview:large","max-video-preview":"max-video-preview:-1"},"canonical":"https:\/\/hisle.fr\/en\/limited-editions\/","og_locale":"en_US","og_type":"article","og_title":"\u00c9ditions Limit\u00e9es : Lampes Design et Sculptures Lumineuses","og_description":"Lampes en \u00e9dition limit\u00e9e sign\u00e9es HISLE, cr\u00e9ations fabriqu\u00e9es en France \u00e0 partir de mat\u00e9riaux nobles et pi\u00e8ces industrielles recycl\u00e9es.","og_url":"https:\/\/hisle.fr\/en\/limited-editions\/","og_site_name":"HISLE","article_publisher":"https:\/\/www.facebook.com\/HISLElighting","article_modified_time":"2025-11-25T14:34:19+00:00","og_image":[{"width":1000,"height":800,"url":"https:\/\/hisle.fr\/data\/uploads\/2025\/10\/editions-limitees-cymbale-c-darbord2.jpg","type":"image\/jpeg"}],"twitter_card":"summary_large_image","twitter_misc":{"Est. reading time":"1 minute"},"schema":{"@context":"https:\/\/schema.org","@graph":[{"@type":"WebPage","@id":"https:\/\/hisle.fr\/en\/limited-editions\/","url":"https:\/\/hisle.fr\/en\/limited-editions\/","name":"Limited Editions : Design Lamps and Light Sculptures","isPartOf":{"@id":"https:\/\/hisle.fr\/en\/#website"},"primaryImageOfPage":{"@id":"https:\/\/hisle.fr\/en\/limited-editions\/#primaryimage"},"image":{"@id":"https:\/\/hisle.fr\/en\/limited-editions\/#primaryimage"},"thumbnailUrl":"https:\/\/hisle.fr\/data\/uploads\/2025\/10\/editions-limitees-cymbale-c-darbord2.jpg","datePublished":"2025-10-14T14:41:45+00:00","dateModified":"2025-11-25T14:34:19+00:00","description":"Limited edition lamps and luminous sculptures by HISLE, made in France from the finest materials and upcycled industrial parts.","breadcrumb":{"@id":"https:\/\/hisle.fr\/en\/limited-editions\/#breadcrumb"},"inLanguage":"en-US","potentialAction":[{"@type":"ReadAction","target":["https:\/\/hisle.fr\/en\/limited-editions\/"]}]},{"@type":"ImageObject","inLanguage":"en-US","@id":"https:\/\/hisle.fr\/en\/limited-editions\/#primaryimage","url":"https:\/\/hisle.fr\/data\/uploads\/2025\/10\/editions-limitees-cymbale-c-darbord2.jpg","contentUrl":"https:\/\/hisle.fr\/data\/uploads\/2025\/10\/editions-limitees-cymbale-c-darbord2.jpg","width":1000,"height":800},{"@type":"BreadcrumbList","@id":"https:\/\/hisle.fr\/en\/limited-editions\/#breadcrumb","itemListElement":[{"@type":"ListItem","position":1,"name":"Home","item":"https:\/\/hisle.fr\/en\/"},{"@type":"ListItem","position":2,"name":"Limited Editions"}]},{"@type":"WebSite","@id":"https:\/\/hisle.fr\/en\/#website","url":"https:\/\/hisle.fr\/en\/","name":"HISLE","description":"HISLE","publisher":{"@id":"https:\/\/hisle.fr\/en\/#organization"},"potentialAction":[{"@type":"SearchAction","target":{"@type":"EntryPoint","urlTemplate":"https:\/\/hisle.fr\/en\/?s={search_term_string}"},"query-input":{"@type":"PropertyValueSpecification","valueRequired":true,"valueName":"search_term_string"}}],"inLanguage":"en-US"},{"@type":"Organization","@id":"https:\/\/hisle.fr\/en\/#organization","name":"HISLE","url":"https:\/\/hisle.fr\/en\/","logo":{"@type":"ImageObject","inLanguage":"en-US","@id":"https:\/\/hisle.fr\/en\/#\/schema\/logo\/image\/","url":"https:\/\/hisle.fr\/data\/uploads\/2020\/04\/hisle-logo-brochure.jpg","contentUrl":"https:\/\/hisle.fr\/data\/uploads\/2020\/04\/hisle-logo-brochure.jpg","width":1218,"height":304,"caption":"HISLE"},"image":{"@id":"https:\/\/hisle.fr\/en\/#\/schema\/logo\/image\/"},"sameAs":["https:\/\/www.facebook.com\/HISLElighting","https:\/\/www.instagram.com\/hisle_lighting\/"]}]}},"_links":{"self":[{"href":"https:\/\/hisle.fr\/en\/wp-json\/wp\/v2\/pages\/20318","targetHints":{"allow":["GET"]}}],"collection":[{"href":"https:\/\/hisle.fr\/en\/wp-json\/wp\/v2\/pages"}],"about":[{"href":"https:\/\/hisle.fr\/en\/wp-json\/wp\/v2\/types\/page"}],"author":[{"embeddable":true,"href":"https:\/\/hisle.fr\/en\/wp-json\/wp\/v2\/users\/7"}],"replies":[{"embeddable":true,"href":"https:\/\/hisle.fr\/en\/wp-json\/wp\/v2\/comments?post=20318"}],"version-history":[{"count":9,"href":"https:\/\/hisle.fr\/en\/wp-json\/wp\/v2\/pages\/20318\/revisions"}],"predecessor-version":[{"id":20851,"href":"https:\/\/hisle.fr\/en\/wp-json\/wp\/v2\/pages\/20318\/revisions\/20851"}],"wp:featuredmedia":[{"embeddable":true,"href":"https:\/\/hisle.fr\/en\/wp-json\/wp\/v2\/media\/20256"}],"wp:attachment":[{"href":"https:\/\/hisle.fr\/en\/wp-json\/wp\/v2\/media?parent=20318"}],"curies":[{"name":"wp","href":"https:\/\/api.w.org\/{rel}","templated":true}]}}